{"id":11593,"date":"2021-10-20T17:43:26","date_gmt":"2021-10-20T17:43:26","guid":{"rendered":"https:\/\/neoocular.qodeinteractive.com\/?post_type=product&#038;p=11593"},"modified":"2025-08-28T09:14:23","modified_gmt":"2025-08-28T07:14:23","slug":"metal-lennons","status":"publish","type":"product","link":"https:\/\/opticasbluevision.com\/index.php\/product\/metal-lennons\/","title":{"rendered":"Metal Lennons"},"content":{"rendered":"<p>Con l\u00edneas definidas y un dise\u00f1o audaz, las monturas cuadradas son ideales para rostros redondos o ovalados. Su estructura s\u00f3lida y elegante es perfecta para un look profesional y contempor\u00e1neo.<\/p>\n","protected":false},"excerpt":{"rendered":"<p>Con l\u00edneas definidas y un dise\u00f1o audaz, las monturas cuadradas son ideales para rostros redondos o ovalados. Su estructura s\u00f3lida y elegante es perfecta para un look profesional y contempor\u00e1neo.<\/p>\n","protected":false},"featured_media":8691,"comment_status":"open","ping_status":"closed","template":"","meta":[],"product_brand":[],"product_cat":[28,41],"product_tag":[40,49],"class_list":{"0":"post-11593","1":"product","2":"type-product","3":"status-publish","4":"has-post-thumbnail","6":"product_cat-cat-eye","7":"product_cat-luxory","8":"product_tag-luxory","9":"product_tag-top","11":"first","12":"instock","13":"sale","14":"shipping-taxable","15":"purchasable","16":"product-type-simple"},"_links":{"self":[{"href":"https:\/\/opticasbluevision.com\/index.php\/wp-json\/wp\/v2\/product\/11593","targetHints":{"allow":["GET"]}}],"collection":[{"href":"https:\/\/opticasbluevision.com\/index.php\/wp-json\/wp\/v2\/product"}],"about":[{"href":"https:\/\/opticasbluevision.com\/index.php\/wp-json\/wp\/v2\/types\/product"}],"replies":[{"embeddable":true,"href":"https:\/\/opticasbluevision.com\/index.php\/wp-json\/wp\/v2\/comments?post=11593"}],"wp:featuredmedia":[{"embeddable":true,"href":"https:\/\/opticasbluevision.com\/index.php\/wp-json\/wp\/v2\/media\/8691"}],"wp:attachment":[{"href":"https:\/\/opticasbluevision.com\/index.php\/wp-json\/wp\/v2\/media?parent=11593"}],"wp:term":[{"taxonomy":"product_brand","embeddable":true,"href":"https:\/\/opticasbluevision.com\/index.php\/wp-json\/wp\/v2\/product_brand?post=11593"},{"taxonomy":"product_cat","embeddable":true,"href":"https:\/\/opticasbluevision.com\/index.php\/wp-json\/wp\/v2\/product_cat?post=11593"},{"taxonomy":"product_tag","embeddable":true,"href":"https:\/\/opticasbluevision.com\/index.php\/wp-json\/wp\/v2\/product_tag?post=11593"}],"curies":[{"name":"wp","href":"https:\/\/api.w.org\/{rel}","templated":true}]}}