{"id":11603,"date":"2021-10-20T17:54:12","date_gmt":"2021-10-20T17:54:12","guid":{"rendered":"https:\/\/neoocular.qodeinteractive.com\/?post_type=product&#038;p=11603"},"modified":"2025-04-29T11:03:52","modified_gmt":"2025-04-29T09:03:52","slug":"vintage-eyeglasses","status":"publish","type":"product","link":"https:\/\/opticasbluevision.com\/index.php\/product\/vintage-eyeglasses\/","title":{"rendered":"Vintage Eyeglasses"},"content":{"rendered":"<p>Con l\u00edneas definidas y un dise\u00f1o audaz, las monturas cuadradas son ideales para rostros redondos o ovalados. Su estructura s\u00f3lida y elegante es perfecta para un look profesional y contempor\u00e1neo.<\/p>\n","protected":false},"excerpt":{"rendered":"<p>Con l\u00edneas definidas y un dise\u00f1o audaz, las monturas cuadradas son ideales para rostros redondos o ovalados. Su estructura s\u00f3lida y elegante es perfecta para un look profesional y contempor\u00e1neo.<\/p>\n","protected":false},"featured_media":13344,"comment_status":"open","ping_status":"closed","template":"","meta":[],"product_brand":[],"product_cat":[28,41],"product_tag":[40,49],"class_list":{"0":"post-11603","1":"product","2":"type-product","3":"status-publish","4":"has-post-thumbnail","6":"product_cat-cat-eye","7":"product_cat-luxory","8":"product_tag-luxory","9":"product_tag-top","11":"first","12":"instock","13":"sale","14":"shipping-taxable","15":"purchasable","16":"product-type-simple"},"_links":{"self":[{"href":"https:\/\/opticasbluevision.com\/index.php\/wp-json\/wp\/v2\/product\/11603","targetHints":{"allow":["GET"]}}],"collection":[{"href":"https:\/\/opticasbluevision.com\/index.php\/wp-json\/wp\/v2\/product"}],"about":[{"href":"https:\/\/opticasbluevision.com\/index.php\/wp-json\/wp\/v2\/types\/product"}],"replies":[{"embeddable":true,"href":"https:\/\/opticasbluevision.com\/index.php\/wp-json\/wp\/v2\/comments?post=11603"}],"wp:featuredmedia":[{"embeddable":true,"href":"https:\/\/opticasbluevision.com\/index.php\/wp-json\/wp\/v2\/media\/13344"}],"wp:attachment":[{"href":"https:\/\/opticasbluevision.com\/index.php\/wp-json\/wp\/v2\/media?parent=11603"}],"wp:term":[{"taxonomy":"product_brand","embeddable":true,"href":"https:\/\/opticasbluevision.com\/index.php\/wp-json\/wp\/v2\/product_brand?post=11603"},{"taxonomy":"product_cat","embeddable":true,"href":"https:\/\/opticasbluevision.com\/index.php\/wp-json\/wp\/v2\/product_cat?post=11603"},{"taxonomy":"product_tag","embeddable":true,"href":"https:\/\/opticasbluevision.com\/index.php\/wp-json\/wp\/v2\/product_tag?post=11603"}],"curies":[{"name":"wp","href":"https:\/\/api.w.org\/{rel}","templated":true}]}}