{"id":302,"date":"2021-07-21T10:14:18","date_gmt":"2021-07-21T10:14:18","guid":{"rendered":"https:\/\/neoocular.qodeinteractive.com\/?post_type=product&#038;p=302"},"modified":"2025-04-29T11:12:40","modified_gmt":"2025-04-29T09:12:40","slug":"artistic-frame-glasses","status":"publish","type":"product","link":"https:\/\/opticasbluevision.com\/index.php\/product\/artistic-frame-glasses\/","title":{"rendered":"Artistic Frame Glasses"},"content":{"rendered":"<p>Con l\u00edneas definidas y un dise\u00f1o audaz, las monturas cuadradas son ideales para rostros redondos o ovalados. Su estructura s\u00f3lida y elegante es perfecta para un look profesional y contempor\u00e1neo.<\/p>\n","protected":false},"excerpt":{"rendered":"<p>Con l\u00edneas definidas y un dise\u00f1o audaz, las monturas cuadradas son ideales para rostros redondos o ovalados. Su estructura s\u00f3lida y elegante es perfecta para un look profesional y contempor\u00e1neo.<\/p>\n","protected":false},"featured_media":8700,"comment_status":"open","ping_status":"closed","template":"","meta":[],"product_brand":[],"product_cat":[29,45],"product_tag":[33,47],"class_list":{"0":"post-302","1":"product","2":"type-product","3":"status-publish","4":"has-post-thumbnail","6":"product_cat-classic","7":"product_cat-round","8":"product_tag-frame","9":"product_tag-stripe","11":"first","12":"instock","13":"shipping-taxable","14":"purchasable","15":"product-type-simple"},"_links":{"self":[{"href":"https:\/\/opticasbluevision.com\/index.php\/wp-json\/wp\/v2\/product\/302","targetHints":{"allow":["GET"]}}],"collection":[{"href":"https:\/\/opticasbluevision.com\/index.php\/wp-json\/wp\/v2\/product"}],"about":[{"href":"https:\/\/opticasbluevision.com\/index.php\/wp-json\/wp\/v2\/types\/product"}],"replies":[{"embeddable":true,"href":"https:\/\/opticasbluevision.com\/index.php\/wp-json\/wp\/v2\/comments?post=302"}],"wp:featuredmedia":[{"embeddable":true,"href":"https:\/\/opticasbluevision.com\/index.php\/wp-json\/wp\/v2\/media\/8700"}],"wp:attachment":[{"href":"https:\/\/opticasbluevision.com\/index.php\/wp-json\/wp\/v2\/media?parent=302"}],"wp:term":[{"taxonomy":"product_brand","embeddable":true,"href":"https:\/\/opticasbluevision.com\/index.php\/wp-json\/wp\/v2\/product_brand?post=302"},{"taxonomy":"product_cat","embeddable":true,"href":"https:\/\/opticasbluevision.com\/index.php\/wp-json\/wp\/v2\/product_cat?post=302"},{"taxonomy":"product_tag","embeddable":true,"href":"https:\/\/opticasbluevision.com\/index.php\/wp-json\/wp\/v2\/product_tag?post=302"}],"curies":[{"name":"wp","href":"https:\/\/api.w.org\/{rel}","templated":true}]}}