{"id":371,"date":"2021-07-21T13:35:10","date_gmt":"2021-07-21T13:35:10","guid":{"rendered":"https:\/\/neoocular.qodeinteractive.com\/?post_type=product&#038;p=371"},"modified":"2025-08-28T03:29:10","modified_gmt":"2025-08-28T01:29:10","slug":"classic-round","status":"publish","type":"product","link":"https:\/\/opticasbluevision.com\/index.php\/product\/classic-round\/","title":{"rendered":"Classic Round"},"content":{"rendered":"<p>Dise\u00f1adas para quienes llevan un estilo de vida activo, estas monturas combinan comodidad, resistencia y un dise\u00f1o ergon\u00f3mico. Perfectas para deportes o actividades al aire libre, ofrecen estabilidad y durabilidad.<\/p>\n","protected":false},"excerpt":{"rendered":"<p>Este dise\u00f1o ic\u00f3nico con forma de ojo de gato resalta la feminidad y el estilo. Con detalles delicados y una forma que alarga visualmente el rostro, es ideal para mujeres que buscan un accesorio con personalidad.<\/p>\n","protected":false},"featured_media":8697,"comment_status":"open","ping_status":"closed","template":"","meta":[],"product_brand":[],"product_cat":[29,45],"product_tag":[33,47],"class_list":{"0":"post-371","1":"product","2":"type-product","3":"status-publish","4":"has-post-thumbnail","6":"product_cat-classic","7":"product_cat-round","8":"product_tag-frame","9":"product_tag-stripe","11":"first","12":"instock","13":"shipping-taxable","14":"product-type-grouped"},"_links":{"self":[{"href":"https:\/\/opticasbluevision.com\/index.php\/wp-json\/wp\/v2\/product\/371","targetHints":{"allow":["GET"]}}],"collection":[{"href":"https:\/\/opticasbluevision.com\/index.php\/wp-json\/wp\/v2\/product"}],"about":[{"href":"https:\/\/opticasbluevision.com\/index.php\/wp-json\/wp\/v2\/types\/product"}],"replies":[{"embeddable":true,"href":"https:\/\/opticasbluevision.com\/index.php\/wp-json\/wp\/v2\/comments?post=371"}],"wp:featuredmedia":[{"embeddable":true,"href":"https:\/\/opticasbluevision.com\/index.php\/wp-json\/wp\/v2\/media\/8697"}],"wp:attachment":[{"href":"https:\/\/opticasbluevision.com\/index.php\/wp-json\/wp\/v2\/media?parent=371"}],"wp:term":[{"taxonomy":"product_brand","embeddable":true,"href":"https:\/\/opticasbluevision.com\/index.php\/wp-json\/wp\/v2\/product_brand?post=371"},{"taxonomy":"product_cat","embeddable":true,"href":"https:\/\/opticasbluevision.com\/index.php\/wp-json\/wp\/v2\/product_cat?post=371"},{"taxonomy":"product_tag","embeddable":true,"href":"https:\/\/opticasbluevision.com\/index.php\/wp-json\/wp\/v2\/product_tag?post=371"}],"curies":[{"name":"wp","href":"https:\/\/api.w.org\/{rel}","templated":true}]}}