{"id":379,"date":"2021-07-21T13:42:01","date_gmt":"2021-07-21T13:42:01","guid":{"rendered":"https:\/\/neoocular.qodeinteractive.com\/?post_type=product&#038;p=379"},"modified":"2025-08-28T07:01:34","modified_gmt":"2025-08-28T05:01:34","slug":"dark-glasses","status":"publish","type":"product","link":"https:\/\/opticasbluevision.com\/index.php\/product\/dark-glasses\/","title":{"rendered":"Dark Glasses"},"content":{"rendered":"<p>Con l\u00edneas definidas y un dise\u00f1o audaz, las monturas cuadradas son ideales para rostros redondos o ovalados. Su estructura s\u00f3lida y elegante es perfecta para un look profesional y contempor\u00e1neo.<\/p>\n","protected":false},"excerpt":{"rendered":"<p>Con l\u00edneas definidas y un dise\u00f1o audaz, las monturas cuadradas son ideales para rostros redondos o ovalados. Su estructura s\u00f3lida y elegante es perfecta para un look profesional y contempor\u00e1neo.<\/p>\n","protected":false},"featured_media":8696,"comment_status":"open","ping_status":"closed","template":"","meta":[],"product_brand":[],"product_cat":[45,48],"product_tag":[33,47],"class_list":{"0":"post-379","1":"product","2":"type-product","3":"status-publish","4":"has-post-thumbnail","6":"product_cat-round","7":"product_cat-summer-sale","8":"product_tag-frame","9":"product_tag-stripe","11":"first","12":"instock","13":"shipping-taxable","14":"product-type-external"},"_links":{"self":[{"href":"https:\/\/opticasbluevision.com\/index.php\/wp-json\/wp\/v2\/product\/379","targetHints":{"allow":["GET"]}}],"collection":[{"href":"https:\/\/opticasbluevision.com\/index.php\/wp-json\/wp\/v2\/product"}],"about":[{"href":"https:\/\/opticasbluevision.com\/index.php\/wp-json\/wp\/v2\/types\/product"}],"replies":[{"embeddable":true,"href":"https:\/\/opticasbluevision.com\/index.php\/wp-json\/wp\/v2\/comments?post=379"}],"wp:featuredmedia":[{"embeddable":true,"href":"https:\/\/opticasbluevision.com\/index.php\/wp-json\/wp\/v2\/media\/8696"}],"wp:attachment":[{"href":"https:\/\/opticasbluevision.com\/index.php\/wp-json\/wp\/v2\/media?parent=379"}],"wp:term":[{"taxonomy":"product_brand","embeddable":true,"href":"https:\/\/opticasbluevision.com\/index.php\/wp-json\/wp\/v2\/product_brand?post=379"},{"taxonomy":"product_cat","embeddable":true,"href":"https:\/\/opticasbluevision.com\/index.php\/wp-json\/wp\/v2\/product_cat?post=379"},{"taxonomy":"product_tag","embeddable":true,"href":"https:\/\/opticasbluevision.com\/index.php\/wp-json\/wp\/v2\/product_tag?post=379"}],"curies":[{"name":"wp","href":"https:\/\/api.w.org\/{rel}","templated":true}]}}