{"id":4704,"date":"2021-08-03T09:50:05","date_gmt":"2021-08-03T09:50:05","guid":{"rendered":"https:\/\/neoocular.qodeinteractive.com\/?post_type=product&#038;p=4704"},"modified":"2025-04-29T11:02:50","modified_gmt":"2025-04-29T09:02:50","slug":"royal-glasses","status":"publish","type":"product","link":"https:\/\/opticasbluevision.com\/index.php\/product\/royal-glasses\/","title":{"rendered":"Royal Glasses"},"content":{"rendered":"<p>Con l\u00edneas definidas y un dise\u00f1o audaz, las monturas cuadradas son ideales para rostros redondos o ovalados. Su estructura s\u00f3lida y elegante es perfecta para un look profesional y contempor\u00e1neo.<\/p>\n","protected":false},"excerpt":{"rendered":"<p>Con l\u00edneas definidas y un dise\u00f1o audaz, las monturas cuadradas son ideales para rostros redondos o ovalados. Su estructura s\u00f3lida y elegante es perfecta para un look profesional y contempor\u00e1neo.<\/p>\n","protected":false},"featured_media":8697,"comment_status":"open","ping_status":"closed","template":"","meta":[],"product_brand":[],"product_cat":[44],"product_tag":[33,47],"class_list":{"0":"post-4704","1":"product","2":"type-product","3":"status-publish","4":"has-post-thumbnail","6":"product_cat-new-collection","7":"product_tag-frame","8":"product_tag-stripe","10":"first","11":"instock","12":"sale","13":"shipping-taxable","14":"purchasable","15":"product-type-simple"},"_links":{"self":[{"href":"https:\/\/opticasbluevision.com\/index.php\/wp-json\/wp\/v2\/product\/4704","targetHints":{"allow":["GET"]}}],"collection":[{"href":"https:\/\/opticasbluevision.com\/index.php\/wp-json\/wp\/v2\/product"}],"about":[{"href":"https:\/\/opticasbluevision.com\/index.php\/wp-json\/wp\/v2\/types\/product"}],"replies":[{"embeddable":true,"href":"https:\/\/opticasbluevision.com\/index.php\/wp-json\/wp\/v2\/comments?post=4704"}],"wp:featuredmedia":[{"embeddable":true,"href":"https:\/\/opticasbluevision.com\/index.php\/wp-json\/wp\/v2\/media\/8697"}],"wp:attachment":[{"href":"https:\/\/opticasbluevision.com\/index.php\/wp-json\/wp\/v2\/media?parent=4704"}],"wp:term":[{"taxonomy":"product_brand","embeddable":true,"href":"https:\/\/opticasbluevision.com\/index.php\/wp-json\/wp\/v2\/product_brand?post=4704"},{"taxonomy":"product_cat","embeddable":true,"href":"https:\/\/opticasbluevision.com\/index.php\/wp-json\/wp\/v2\/product_cat?post=4704"},{"taxonomy":"product_tag","embeddable":true,"href":"https:\/\/opticasbluevision.com\/index.php\/wp-json\/wp\/v2\/product_tag?post=4704"}],"curies":[{"name":"wp","href":"https:\/\/api.w.org\/{rel}","templated":true}]}}