{"id":894,"date":"2021-07-23T08:47:43","date_gmt":"2021-07-23T08:47:43","guid":{"rendered":"https:\/\/neoocular.qodeinteractive.com\/?post_type=product&#038;p=894"},"modified":"2025-06-23T16:07:04","modified_gmt":"2025-06-23T14:07:04","slug":"meteor-sunglasses","status":"publish","type":"product","link":"https:\/\/opticasbluevision.com\/index.php\/product\/meteor-sunglasses\/","title":{"rendered":"Meteor Sunglasses"},"content":{"rendered":"<p>Dise\u00f1adas para quienes llevan un estilo de vida activo, estas monturas combinan comodidad, resistencia y un dise\u00f1o ergon\u00f3mico. Perfectas para deportes o actividades al aire libre, ofrecen estabilidad y durabilidad.<\/p>\n","protected":false},"excerpt":{"rendered":"<p>Dise\u00f1adas para quienes llevan un estilo de vida activo, estas monturas combinan comodidad, resistencia y un dise\u00f1o ergon\u00f3mico. Perfectas para deportes o actividades al aire libre, ofrecen estabilidad y durabilidad.<\/p>\n","protected":false},"featured_media":11639,"comment_status":"open","ping_status":"closed","template":"","meta":[],"product_brand":[],"product_cat":[54,45,50],"product_tag":[33,47],"class_list":{"0":"post-894","1":"product","2":"type-product","3":"status-publish","4":"has-post-thumbnail","6":"product_cat-kids","7":"product_cat-round","8":"product_cat-top-frames","9":"product_tag-frame","10":"product_tag-stripe","12":"first","13":"outofstock","14":"shipping-taxable","15":"purchasable","16":"product-type-variable","17":"has-default-attributes"},"_links":{"self":[{"href":"https:\/\/opticasbluevision.com\/index.php\/wp-json\/wp\/v2\/product\/894","targetHints":{"allow":["GET"]}}],"collection":[{"href":"https:\/\/opticasbluevision.com\/index.php\/wp-json\/wp\/v2\/product"}],"about":[{"href":"https:\/\/opticasbluevision.com\/index.php\/wp-json\/wp\/v2\/types\/product"}],"replies":[{"embeddable":true,"href":"https:\/\/opticasbluevision.com\/index.php\/wp-json\/wp\/v2\/comments?post=894"}],"wp:featuredmedia":[{"embeddable":true,"href":"https:\/\/opticasbluevision.com\/index.php\/wp-json\/wp\/v2\/media\/11639"}],"wp:attachment":[{"href":"https:\/\/opticasbluevision.com\/index.php\/wp-json\/wp\/v2\/media?parent=894"}],"wp:term":[{"taxonomy":"product_brand","embeddable":true,"href":"https:\/\/opticasbluevision.com\/index.php\/wp-json\/wp\/v2\/product_brand?post=894"},{"taxonomy":"product_cat","embeddable":true,"href":"https:\/\/opticasbluevision.com\/index.php\/wp-json\/wp\/v2\/product_cat?post=894"},{"taxonomy":"product_tag","embeddable":true,"href":"https:\/\/opticasbluevision.com\/index.php\/wp-json\/wp\/v2\/product_tag?post=894"}],"curies":[{"name":"wp","href":"https:\/\/api.w.org\/{rel}","templated":true}]}}