{"id":934,"date":"2021-07-23T08:56:26","date_gmt":"2021-07-23T08:56:26","guid":{"rendered":"https:\/\/neoocular.qodeinteractive.com\/?post_type=product&#038;p=934"},"modified":"2025-08-28T01:46:13","modified_gmt":"2025-08-27T23:46:13","slug":"thalia-black","status":"publish","type":"product","link":"https:\/\/opticasbluevision.com\/index.php\/product\/thalia-black\/","title":{"rendered":"Thalia Black"},"content":{"rendered":"<p>Dise\u00f1adas para quienes llevan un estilo de vida activo, estas monturas combinan comodidad, resistencia y un dise\u00f1o ergon\u00f3mico. Perfectas para deportes o actividades al aire libre, ofrecen estabilidad y durabilidad.<\/p>\n","protected":false},"excerpt":{"rendered":"<p>Dise\u00f1adas para quienes llevan un estilo de vida activo, estas monturas combinan comodidad, resistencia y un dise\u00f1o ergon\u00f3mico. Perfectas para deportes o actividades al aire libre, ofrecen estabilidad y durabilidad.<\/p>\n","protected":false},"featured_media":11647,"comment_status":"open","ping_status":"closed","template":"","meta":[],"product_brand":[],"product_cat":[53,45,50,51],"product_tag":[33,47],"class_list":{"0":"post-934","1":"product","2":"type-product","3":"status-publish","4":"has-post-thumbnail","6":"product_cat-mujeres","7":"product_cat-round","8":"product_cat-top-frames","9":"product_cat-unisex","10":"product_tag-frame","11":"product_tag-stripe","13":"first","14":"outofstock","15":"shipping-taxable","16":"purchasable","17":"product-type-variable","18":"has-default-attributes"},"_links":{"self":[{"href":"https:\/\/opticasbluevision.com\/index.php\/wp-json\/wp\/v2\/product\/934","targetHints":{"allow":["GET"]}}],"collection":[{"href":"https:\/\/opticasbluevision.com\/index.php\/wp-json\/wp\/v2\/product"}],"about":[{"href":"https:\/\/opticasbluevision.com\/index.php\/wp-json\/wp\/v2\/types\/product"}],"replies":[{"embeddable":true,"href":"https:\/\/opticasbluevision.com\/index.php\/wp-json\/wp\/v2\/comments?post=934"}],"wp:featuredmedia":[{"embeddable":true,"href":"https:\/\/opticasbluevision.com\/index.php\/wp-json\/wp\/v2\/media\/11647"}],"wp:attachment":[{"href":"https:\/\/opticasbluevision.com\/index.php\/wp-json\/wp\/v2\/media?parent=934"}],"wp:term":[{"taxonomy":"product_brand","embeddable":true,"href":"https:\/\/opticasbluevision.com\/index.php\/wp-json\/wp\/v2\/product_brand?post=934"},{"taxonomy":"product_cat","embeddable":true,"href":"https:\/\/opticasbluevision.com\/index.php\/wp-json\/wp\/v2\/product_cat?post=934"},{"taxonomy":"product_tag","embeddable":true,"href":"https:\/\/opticasbluevision.com\/index.php\/wp-json\/wp\/v2\/product_tag?post=934"}],"curies":[{"name":"wp","href":"https:\/\/api.w.org\/{rel}","templated":true}]}}